{"id":4141,"date":"2021-02-02T14:52:22","date_gmt":"2021-02-02T13:52:22","guid":{"rendered":"https:\/\/www.easicomp.de\/quality\/"},"modified":"2024-10-24T12:19:32","modified_gmt":"2024-10-24T10:19:32","slug":"quality","status":"publish","type":"page","link":"https:\/\/www.easicomp.de\/en\/quality\/","title":{"rendered":"Quality"},"content":{"rendered":"<div class=\"wpb-content-wrapper\"><p>[vc_row lg_spacing=&#8221;padding_top:130&#8243; el_class=&#8221;spacer-footer&#8221;][vc_column width=&#8221;5\/12&#8243;][tm_heading custom_google_font=&#8221;&#8221; text=&#8221;Quality&#8221; font_size=&#8221;lg:40&#8243; line_height=&#8221;54px&#8221; max_width=&#8221;400px&#8221;][tm_spacer size=&#8221;lg:50&#8243;][\/vc_column][vc_column width=&#8221;7\/12&#8243;][tm_heading tag=&#8221;div&#8221; custom_google_font=&#8221;&#8221; text=&#8221;Unsere Vision ist es, als f\u00fchrender Dienstleister im Bereich Faserverbund-Werkstoffe neue Wege aufzuzeigen.&#8221;][tm_spacer size=&#8221;lg:20&#8243;][tm_heading tag=&#8221;div&#8221; custom_google_font=&#8221;&#8221; text=&#8221;Auf diesem Gebiet bieten wir ein herausragendes, technisches Know-How. Die umfassenden Erfahrungen unseres spezialisierten Teams f\u00f6rdern Fortschritt, Innovation und ma\u00dfgeschneiderte L\u00f6sungen von einzigartiger Qualit\u00e4t.&#8221;][tm_spacer size=&#8221;lg:20&#8243;][tm_image action=&#8221;custom_link&#8221; el_class=&#8221;space-content&#8221; image=&#8221;4555&#8243; custom_link=&#8221;url:https%3A%2F%2Fwww.easicomp.de%2Fwp-content%2Fuploads%2F2018%2F08%2Feasicomp_iso9001_dt.pdf|title:ISO%209001|target:_blank&#8221;][\/vc_column][\/vc_row]<\/p>\n<\/div>","protected":false},"excerpt":{"rendered":"<p>[vc_row lg_spacing=&#8221;padding_top:130&#8243; el_class=&#8221;spacer-footer&#8221;][vc_column width=&#8221;5\/12&#8243;][tm_heading custom_google_font=&#8221;&#8221; text=&#8221;Quality&#8221; font_size=&#8221;lg:40&#8243; line_height=&#8221;54px&#8221; max_width=&#8221;400px&#8221;][tm_spacer size=&#8221;lg:50&#8243;][\/vc_column][vc_column width=&#8221;7\/12&#8243;][tm_heading tag=&#8221;div&#8221; custom_google_font=&#8221;&#8221; text=&#8221;Unsere Vision ist es, als f\u00fchrender Dienstleister im Bereich Faserverbund-Werkstoffe neue Wege aufzuzeigen.&#8221;][tm_spacer size=&#8221;lg:20&#8243;][tm_heading tag=&#8221;div&#8221; custom_google_font=&#8221;&#8221; text=&#8221;Auf diesem Gebiet bieten wir ein herausragendes, technisches Know-How. Die umfassenden Erfahrungen unseres spezialisierten Teams f\u00f6rdern Fortschritt, Innovation und ma\u00dfgeschneiderte L\u00f6sungen von einzigartiger Qualit\u00e4t.&#8221;][tm_spacer size=&#8221;lg:20&#8243;][tm_image action=&#8221;custom_link&#8221; el_class=&#8221;space-content&#8221; image=&#8221;4555&#8243; custom_link=&#8221;url:https%3A%2F%2Fwww.easicomp.de%2Fwp-content%2Fuploads%2F2018%2F08%2Feasicomp_iso9001_dt.pdf|title:ISO%209001|target:_blank&#8221;][\/vc_column][\/vc_row]<\/p>\n","protected":false},"author":1,"featured_media":0,"parent":0,"menu_order":0,"comment_status":"closed","ping_status":"closed","template":"","meta":{"footnotes":""},"class_list":["post-4141","page","type-page","status-publish","hentry"],"_links":{"self":[{"href":"https:\/\/www.easicomp.de\/en\/wp-json\/wp\/v2\/pages\/4141","targetHints":{"allow":["GET"]}}],"collection":[{"href":"https:\/\/www.easicomp.de\/en\/wp-json\/wp\/v2\/pages"}],"about":[{"href":"https:\/\/www.easicomp.de\/en\/wp-json\/wp\/v2\/types\/page"}],"author":[{"embeddable":true,"href":"https:\/\/www.easicomp.de\/en\/wp-json\/wp\/v2\/users\/1"}],"replies":[{"embeddable":true,"href":"https:\/\/www.easicomp.de\/en\/wp-json\/wp\/v2\/comments?post=4141"}],"version-history":[{"count":5,"href":"https:\/\/www.easicomp.de\/en\/wp-json\/wp\/v2\/pages\/4141\/revisions"}],"predecessor-version":[{"id":4557,"href":"https:\/\/www.easicomp.de\/en\/wp-json\/wp\/v2\/pages\/4141\/revisions\/4557"}],"wp:attachment":[{"href":"https:\/\/www.easicomp.de\/en\/wp-json\/wp\/v2\/media?parent=4141"}],"curies":[{"name":"wp","href":"https:\/\/api.w.org\/{rel}","templated":true}]}}